{"id":1137,"date":"2024-01-08T13:39:11","date_gmt":"2024-01-08T12:39:11","guid":{"rendered":"https:\/\/redestudiosafricanos.org\/politica-de-privacitat\/"},"modified":"2024-04-11T14:17:10","modified_gmt":"2024-04-11T12:17:10","slug":"politica-de-privacitat","status":"publish","type":"page","link":"https:\/\/redestudiosafricanos.org\/ca\/politica-de-privacitat\/","title":{"rendered":"Pol\u00edtica de Privacitat"},"content":{"rendered":"<p>[et_pb_section fb_built=&#8221;1&#8243; _builder_version=&#8221;4.24.2&#8243; _module_preset=&#8221;default&#8221; background_color=&#8221;#FFFFFF&#8221; background_enable_image=&#8221;off&#8221; background_size=&#8221;custom&#8221; background_image_width=&#8221;0%&#8221; background_image_height=&#8221;100%&#8221; background_position=&#8221;center_left&#8221; custom_margin=&#8221;0px||0px||false|false&#8221; custom_padding=&#8221;101px||101px||true|false&#8221; global_colors_info=&#8221;{}&#8221;][et_pb_row column_structure=&#8221;1_3,2_3&#8243; _builder_version=&#8221;4.24.2&#8243; _module_preset=&#8221;default&#8221; background_color=&#8221;#ffffff&#8221; z_index=&#8221;500&#8243; width=&#8221;100%&#8221; max_width=&#8221;100%&#8221; custom_margin=&#8221;0px||0px||false|false&#8221; custom_padding=&#8221;0px||0px||true|false&#8221; global_colors_info=&#8221;{}&#8221; filter_saturate__hover_enabled=&#8221;on|desktop&#8221; filter_saturate__hover=&#8221;100%&#8221;][et_pb_column type=&#8221;1_3&#8243; _builder_version=&#8221;4.24.2&#8243; _module_preset=&#8221;default&#8221; background_enable_image=&#8221;off&#8221; background_size=&#8221;contain&#8221; background_position=&#8221;top_center&#8221; background_blend=&#8221;multiply&#8221; global_colors_info=&#8221;{}&#8221;][\/et_pb_column][et_pb_column type=&#8221;2_3&#8243; _builder_version=&#8221;4.23.4&#8243; _module_preset=&#8221;default&#8221; global_colors_info=&#8221;{}&#8221;][et_pb_text _builder_version=&#8221;4.24.2&#8243; _module_preset=&#8221;4e1c6a03-65f0-440f-908a-601bcb857d86&#8243; header_font=&#8221;Gabarito regular|||on|||||&#8221; header_text_align=&#8221;left&#8221; header_text_color=&#8221;#B04A5A&#8221; header_2_text_align=&#8221;left&#8221; text_orientation=&#8221;left&#8221; custom_margin=&#8221;||28px||false|false&#8221; custom_padding=&#8221;|25%||0px|false|false&#8221; custom_padding_tablet=&#8221;|90px||90px|false|true&#8221; custom_padding_phone=&#8221;|50px||50px|false|true&#8221; custom_padding_last_edited=&#8221;on|phone&#8221; text_font_size_tablet=&#8221;&#8221; text_font_size_phone=&#8221;18px&#8221; text_font_size_last_edited=&#8221;on|phone&#8221; text_orientation_tablet=&#8221;left&#8221; text_orientation_phone=&#8221;center&#8221; text_orientation_last_edited=&#8221;on|phone&#8221; global_colors_info=&#8221;{}&#8221;]<\/p>\n<h1>Pol\u00edtica de Privacitat<\/h1>\n<p>[\/et_pb_text][et_pb_text _builder_version=&#8221;4.24.3&#8243; _module_preset=&#8221;default&#8221; link_font=&#8221;||||on||||&#8221; link_text_color=&#8221;#B04A5A&#8221; header_2_font=&#8221;Gabarito Bold||||||||&#8221; header_2_font_size=&#8221;20px&#8221; header_2_line_height=&#8221;1.2em&#8221; header_3_font=&#8221;Gabarito regular||||||||&#8221; header_3_text_color=&#8221;#B07E5B&#8221; header_3_font_size=&#8221;18px&#8221; header_3_line_height=&#8221;1.3em&#8221; custom_padding=&#8221;0px|25%|0px||false|false&#8221; custom_padding_tablet=&#8221;|100px||85px|false|false&#8221; custom_padding_phone=&#8221;0px|50px|0px|50px|false|true&#8221; custom_padding_last_edited=&#8221;on|tablet&#8221; hover_enabled=&#8221;0&#8243; text_orientation_tablet=&#8221;&#8221; text_orientation_phone=&#8221;left&#8221; text_orientation_last_edited=&#8221;on|phone&#8221; global_colors_info=&#8221;{}&#8221; link_text_color__hover_enabled=&#8221;on|desktop&#8221; link_text_color__hover=&#8221;#00816D&#8221; sticky_enabled=&#8221;0&#8243;]<\/p>\n<h2>INFORMACI\u00d3 A L&#8217;USUARI<\/h2>\n<p>&nbsp;<\/p>\n<h3>Qui \u00e9s el responsable del tractament de les teves dades personals?<\/h3>\n<p>La xarxa <strong>Reagrupament d\u2019Estudis African (REA)<\/strong> \u00e9s la RESPONSABLE del tractament de les dades personals de l&#8217;USUARI i us informa que aquestes dades seran tractades de conformitat amb el que disposa el Reglament (UE) 2016\/679, de 27 d&#8217;abril (GDPR), i la Llei Org\u00e0nica 3\/2018, del 5 de desembre (LOPDGDD).<\/p>\n<h3><\/h3>\n<h3>Per a qu\u00e8 tractem les teves dades personals?<\/h3>\n<p>Per mantenir una relaci\u00f3 comercial amb lusuari. Les operacions previstes per realitzar el tractament s\u00f3n: <\/p>\n<ul>\n<li>Remissi\u00f3 de comunicacions comercials publicit\u00e0ries per correu electr\u00f2nic, fax, SMS, MMS, xarxes socials o qualsevol altre mitj\u00e0 electr\u00f2nic o f\u00edsic, present o futur, que possibiliti fer comunicacions comercials. Aquestes comunicacions seran realitzades pel RESPONSABLE i estaran relacionades amb els seus productes i serveis, o dels seus col\u00b7laboradors o prove\u00efdors, amb qu\u00e8 aquest hagi assolit algun acord de promoci\u00f3. En aquest cas, els tercers mai no tindran acc\u00e9s a les dades personals.  <\/li>\n<li>Realitzar estudis de mercat i an\u00e0lisis estad\u00edstiques.<\/li>\n<li>Tramitar enc\u00e0rrecs, sol\u00b7licituds, donar resposta a les consultes o qualsevol tipus de petici\u00f3 que sigui realitzada per l&#8217;USUARI a trav\u00e9s de qualsevol de les formes de contacte que es posen a la seva disposici\u00f3 en la p\u00e0gina web del RESPONSABLE.<\/li>\n<li>Remetre el butllet\u00ed informatiu en l\u00ednia, sobre novetats, ofertes i promocions en la nostra activitat.<\/li>\n<\/ul>\n<h3><\/h3>\n<h3>Per quin motiu podem tractar les teves dades personals?<\/h3>\n<p>Perqu\u00e8 el tractament est\u00e0 legitimat per l&#8217;article 6 del GDPR de la manera seg\u00fcent:<\/p>\n<ul>\n<li>Amb el consentiment de l&#8217;USUARI: remissi\u00f3 de comunicacions comercials i del butllet\u00ed informatiu.<\/li>\n<li>Per inter\u00e8s leg\u00edtim del RESPONSABLE: realitzar estudis de mercat, an\u00e0lisis estad\u00edstiques, etc. i tramitar enc\u00e0rrecs, sol\u00b7licituds, etc. a petici\u00f3 de l&#8217;USUARI.<\/li>\n<\/ul>\n<h3><\/h3>\n<h3>Durant quant temps guardarem les teves dades personals?<\/h3>\n<p>Es conservaran durant no m\u00e9s temps del necessari per a mantenir la fi del tractament o existeixin prescripcions legals que dictaminin la seva cust\u00f2dia i quan ja no sigui necessari per a aix\u00f2, se suprimiran amb mesures de seguretat adequades per a garantir l&#8217;anonimitzaci\u00f3 de les dades o la destrucci\u00f3 total d&#8217;aquests.<\/p>\n<h3><\/h3>\n<h3>A qui facilitem les teves dades personals?<\/h3>\n<p>No est\u00e0 prevista cap comunicaci\u00f3 de dades personals a tercers excepte, si fos necessari per al desenvolupament i execuci\u00f3 de les finalitats del tractament, als nostres prove\u00efdors de serveis relacionats amb comunicacions, amb els quals el RESPONSABLE t\u00e9 subscrits els contractes de confidencialitat i d&#8217;encarregat de tractament exigits per la normativa vigent de privacitat.<\/p>\n<h3><\/h3>\n<h3>Quins s\u00f3n els teus drets?<\/h3>\n<p>Els drets que assisteixen a l&#8217;USUARI s\u00f3n:<\/p>\n<ul>\n<li>Dret a retirar el consentiment en qualsevol moment.<\/li>\n<li>Dret d&#8217;acc\u00e9s, rectificaci\u00f3, portabilitat i supressi\u00f3 de les seves dades, i de limitaci\u00f3 o oposici\u00f3 al seu tractament.<\/li>\n<li>Dret a presentar una reclamaci\u00f3 davant l&#8217;autoritat de control (www.aepd.es) si considera que el tractament no s&#8217;ajusta a la normativa vigent.<\/li>\n<\/ul>\n<p>Dades de contacte per exercir els seus drets:<\/p>\n<ul>\n<li>Reagrupament d\u2019Estudis African (REA).<\/li>\n<li>E-mail: <a href=\"mailto:info@redestudiosafricanos.org\">info@redestudiosafricanos.org<\/a><\/li>\n<\/ul>\n<p>&nbsp;<\/p>\n<h2>2. CAR\u00c0CTER OBLIGATORI O FACULTATIU DE LA INFORMACI\u00d3 FACILITADA PER L&#8217;USUARI<\/h2>\n<p>&nbsp;<\/p>\n<p>Els USUARIS, mitjan\u00e7ant la marcaci\u00f3 de les caselles corresponents i l&#8217;entrada de dades en els camps, marcats amb la paraula \u201cobligatori\u201d, en el formulari de contacte o presentats en formularis de desc\u00e0rrega, accepten expressament i de manera lliure i inequ\u00edvoca, que les seves dades s\u00f3n necess\u00e0ries per a atendre la seva petici\u00f3, per part del prestador, sent volunt\u00e0ria la inclusi\u00f3 de dades en els camps restants. L&#8217;USUARI garanteix que les dades personals facilitades al RESPONSABLE s\u00f3n vera\u00e7os i es fa responsable de comunicar qualsevol modificaci\u00f3 d&#8217;aquests. <\/p>\n<p>El RESPONSABLE informa que totes les dades sol\u00b7licitades a trav\u00e9s del lloc web s\u00f3n obligatoris, ja que s\u00f3n necessaris per a la prestaci\u00f3 d&#8217;un servei \u00f2ptim a l&#8217;USUARI. En cas que no es facilitin totes les dades, no es garanteix que la informaci\u00f3 i serveis facilitats siguin completament ajustats a les seves necessitats. <\/p>\n<p>&nbsp;<\/p>\n<h2>3. MESURES DE SEGURETAT<\/h2>\n<p>Que de conformitat amb el que es disposa en les normatives vigents en protecci\u00f3 de dades personals, el RESPONSABLE est\u00e0 complint amb totes les disposicions de les normatives GDPR i LOPDGDD per al tractament de les dades personals de la seva responsabilitat, i manifestament amb els principis descrits en l&#8217;article 5 del GDPR, pels quals s\u00f3n tractats de manera l\u00edcita, lleial i transparent en relaci\u00f3 amb l&#8217;interessat i adequats, pertinents i limitats al necessari en relaci\u00f3 amb els fins per als quals s\u00f3n tractats.<\/p>\n<p>El RESPONSABLE garanteix que ha implementat pol\u00edtiques t\u00e8cniques i organitzatives apropiades per a aplicar les mesures de seguretat que estableixen el GDPR i la LOPDGDD amb la finalitat de protegir els drets i llibertats dels USUARIS i els ha comunicat la informaci\u00f3 adequada perqu\u00e8 puguin exercir-los.<\/p>\n<p>Per a m\u00e9s informaci\u00f3 sobre les garanties de privacitat, pots dirigir-te al RESPONSABLE a trav\u00e9s de:<\/p>\n<ul>\n<li>Reagrupament d\u2019Estudis African (REA).<\/li>\n<li>E-mail: <a href=\"mailto:info@redestudiosafricanos.org\">info@redestudiosafricanos.org<\/a><\/li>\n<\/ul>\n<p>&nbsp;<\/p>\n<p>[\/et_pb_text][\/et_pb_column][\/et_pb_row][\/et_pb_section]<\/p>\n","protected":false},"excerpt":{"rendered":"<p>Pol\u00edtica de PrivacitatINFORMACI\u00d3 A L&#8217;USUARI &nbsp; Qui \u00e9s el responsable del tractament de les teves dades personals? La xarxa Reagrupament d\u2019Estudis African (REA) \u00e9s la RESPONSABLE del tractament de les dades personals de l&#8217;USUARI i us informa que aquestes dades seran tractades de conformitat amb el que disposa el Reglament (UE) 2016\/679, de 27 d&#8217;abril [&hellip;]<\/p>\n","protected":false},"author":1,"featured_media":0,"parent":0,"menu_order":3,"comment_status":"closed","ping_status":"closed","template":"","meta":{"_acf_changed":false,"_et_pb_use_builder":"on","_et_pb_old_content":"","_et_gb_content_width":"","footnotes":""},"class_list":["post-1137","page","type-page","status-publish","hentry"],"acf":[],"_links":{"self":[{"href":"https:\/\/redestudiosafricanos.org\/ca\/wp-json\/wp\/v2\/pages\/1137","targetHints":{"allow":["GET"]}}],"collection":[{"href":"https:\/\/redestudiosafricanos.org\/ca\/wp-json\/wp\/v2\/pages"}],"about":[{"href":"https:\/\/redestudiosafricanos.org\/ca\/wp-json\/wp\/v2\/types\/page"}],"author":[{"embeddable":true,"href":"https:\/\/redestudiosafricanos.org\/ca\/wp-json\/wp\/v2\/users\/1"}],"replies":[{"embeddable":true,"href":"https:\/\/redestudiosafricanos.org\/ca\/wp-json\/wp\/v2\/comments?post=1137"}],"version-history":[{"count":5,"href":"https:\/\/redestudiosafricanos.org\/ca\/wp-json\/wp\/v2\/pages\/1137\/revisions"}],"predecessor-version":[{"id":2525,"href":"https:\/\/redestudiosafricanos.org\/ca\/wp-json\/wp\/v2\/pages\/1137\/revisions\/2525"}],"wp:attachment":[{"href":"https:\/\/redestudiosafricanos.org\/ca\/wp-json\/wp\/v2\/media?parent=1137"}],"curies":[{"name":"wp","href":"https:\/\/api.w.org\/{rel}","templated":true}]}}