{"id":3184,"date":"2024-06-10T16:59:48","date_gmt":"2024-06-10T14:59:48","guid":{"rendered":"https:\/\/redestudiosafricanos.org\/gestio-de-comunicacions\/"},"modified":"2024-08-09T19:04:11","modified_gmt":"2024-08-09T17:04:11","slug":"gestio-de-comunicacions","status":"publish","type":"page","link":"https:\/\/redestudiosafricanos.org\/ca\/el-congres\/com-partipar-hi\/enviament-de-comunicacions\/gestio-de-comunicacions\/","title":{"rendered":"Gesti\u00f3 de comunicacions"},"content":{"rendered":"<p><span class=\"wppb-frontend-restriction-message wppb-content-restriction-message\"><\/p>\n<div class=\"messageloggin\">\n<h2>Para acceder a esta p\u00e1gina o contenido del sitio web es necesario que est\u00e9s <span style=\"color: #993300\"><a style=\"color: #993300\" href=\"https:\/\/redestudiosafricanos.org\/participantes\/register\/\" target=\"_blank\" rel=\"noopener\">registrado<\/a><\/span>.<\/h2>\n<h3>Si ya est\u00e1s registrado puedes acceder <span style=\"color: #993300\"><a style=\"color: #993300\" href=\"https:\/\/redestudiosafricanos.org\/participantes\/login\/\" target=\"_blank\" rel=\"noopener\">aqu\u00ed<\/a><\/span>.<\/h3>\n<\/div>\n<p><\/span><\/p>\n","protected":false},"excerpt":{"rendered":"<p>Si ets coordinador\/a , dirigeix-te al PANELL que coordines i hi trobar\u00e0s una secci\u00f3 per a la gesti\u00f3 i aprovaci\u00f3 de comunicacions enviades al mateix, sota el contingut .Aquesta \u00e9s una \u00e0rea visible a administradors de la plataforma on es mostra una llista de totes les comunicacions enviades a trav\u00e9s de la plataforma, pots fer [&hellip;]<\/p>\n","protected":false},"author":1,"featured_media":0,"parent":3194,"menu_order":0,"comment_status":"closed","ping_status":"closed","template":"","meta":{"_acf_changed":false,"_et_pb_use_builder":"on","_et_pb_old_content":"","_et_gb_content_width":"","footnotes":""},"class_list":["post-3184","page","type-page","status-publish","hentry"],"acf":[],"_links":{"self":[{"href":"https:\/\/redestudiosafricanos.org\/ca\/wp-json\/wp\/v2\/pages\/3184","targetHints":{"allow":["GET"]}}],"collection":[{"href":"https:\/\/redestudiosafricanos.org\/ca\/wp-json\/wp\/v2\/pages"}],"about":[{"href":"https:\/\/redestudiosafricanos.org\/ca\/wp-json\/wp\/v2\/types\/page"}],"author":[{"embeddable":true,"href":"https:\/\/redestudiosafricanos.org\/ca\/wp-json\/wp\/v2\/users\/1"}],"replies":[{"embeddable":true,"href":"https:\/\/redestudiosafricanos.org\/ca\/wp-json\/wp\/v2\/comments?post=3184"}],"version-history":[{"count":5,"href":"https:\/\/redestudiosafricanos.org\/ca\/wp-json\/wp\/v2\/pages\/3184\/revisions"}],"predecessor-version":[{"id":5780,"href":"https:\/\/redestudiosafricanos.org\/ca\/wp-json\/wp\/v2\/pages\/3184\/revisions\/5780"}],"up":[{"embeddable":true,"href":"https:\/\/redestudiosafricanos.org\/ca\/wp-json\/wp\/v2\/pages\/3194"}],"wp:attachment":[{"href":"https:\/\/redestudiosafricanos.org\/ca\/wp-json\/wp\/v2\/media?parent=3184"}],"curies":[{"name":"wp","href":"https:\/\/api.w.org\/{rel}","templated":true}]}}