{"id":3833,"date":"2024-06-17T19:14:23","date_gmt":"2024-06-17T17:14:23","guid":{"rendered":"https:\/\/redestudiosafricanos.org\/inscripcio\/"},"modified":"2024-12-05T12:05:50","modified_gmt":"2024-12-05T11:05:50","slug":"inscripcio","status":"publish","type":"page","link":"https:\/\/redestudiosafricanos.org\/ca\/inscripcio\/","title":{"rendered":"Inscripci\u00f3"},"content":{"rendered":"<p>[et_pb_section fb_built=&#8221;1&#8243; _builder_version=&#8221;4.25.2&#8243; _module_preset=&#8221;default&#8221; global_colors_info=&#8221;{}&#8221;][et_pb_row _builder_version=&#8221;4.25.2&#8243; _module_preset=&#8221;default&#8221; global_colors_info=&#8221;{}&#8221;][et_pb_column type=&#8221;4_4&#8243; _builder_version=&#8221;4.25.2&#8243; _module_preset=&#8221;default&#8221; global_colors_info=&#8221;{}&#8221;][et_pb_text _builder_version=&#8221;4.27.2&#8243; _module_preset=&#8221;default&#8221; header_text_color=&#8221;#B04A5A&#8221; custom_margin=&#8221;||20px||false|false&#8221; header_text_align_tablet=&#8221;&#8221; header_text_align_phone=&#8221;center&#8221; header_text_align_last_edited=&#8221;on|tablet&#8221; module_alignment_tablet=&#8221;&#8221; module_alignment_phone=&#8221;&#8221; module_alignment_last_edited=&#8221;on|phone&#8221; global_colors_info=&#8221;{}&#8221;]<\/p>\n<h1>INSCRIPCI\u00d3 AL CONGR\u00c9S<\/h1>\n<p>[\/et_pb_text][et_pb_text _builder_version=&#8221;4.27.2&#8243; _module_preset=&#8221;default&#8221; text_font_size=&#8221;20px&#8221; text_line_height=&#8221;1.3em&#8221; header_text_color=&#8221;#B04A5A&#8221; min_height=&#8221;104px&#8221; custom_padding=&#8221;|30%|||false|false&#8221; custom_padding_tablet=&#8221;|5%|||false|false&#8221; custom_padding_phone=&#8221;|5%|||false|false&#8221; custom_padding_last_edited=&#8221;on|phone&#8221; text_orientation_tablet=&#8221;&#8221; text_orientation_phone=&#8221;center&#8221; text_orientation_last_edited=&#8221;on|phone&#8221; global_colors_info=&#8221;{}&#8221;]<\/p>\n<h1><\/h1>\n<p>El per\u00edode d&#8217;inscripci\u00f3 per assistir al CIEA12 \u00e9s obert des de l&#8217;11 d&#8217;octubre de 2024 fins al 15 de gener de 2025. A continuaci\u00f3, trobareu un formulari on, despr\u00e9s de registrar-vos a la web, podreu ingressar les vostres dades i realitzar el pagament corresponent . <\/p>\n<p>[\/et_pb_text][\/et_pb_column][\/et_pb_row][et_pb_row column_structure=&#8221;3_5,2_5&#8243; _builder_version=&#8221;4.27.2&#8243; _module_preset=&#8221;default&#8221; global_colors_info=&#8221;{}&#8221;][et_pb_column type=&#8221;3_5&#8243; _builder_version=&#8221;4.27.2&#8243; _module_preset=&#8221;default&#8221; global_colors_info=&#8221;{}&#8221;][et_pb_text _builder_version=&#8221;4.25.2&#8243; _module_preset=&#8221;default&#8221; header_text_color=&#8221;#B04A5A&#8221; custom_padding=&#8221;||20px||false|false&#8221; header_2_text_align_tablet=&#8221;&#8221; header_2_text_align_phone=&#8221;center&#8221; header_2_text_align_last_edited=&#8221;on|phone&#8221; header_3_text_align_tablet=&#8221;&#8221; header_3_text_align_phone=&#8221;center&#8221; header_3_text_align_last_edited=&#8221;on|phone&#8221; global_colors_info=&#8221;{}&#8221;]<\/p>\n<p>&nbsp;<\/p>\n<h2>Tarifes i modalitats de pagament<\/h2>\n<p>[\/et_pb_text][\/et_pb_column][et_pb_column type=&#8221;2_5&#8243; _builder_version=&#8221;4.27.2&#8243; _module_preset=&#8221;default&#8221; global_colors_info=&#8221;{}&#8221;][et_pb_button button_url=&#8221;#insciea&#8221; button_text=&#8221;Anar al formulari d&#039;inscripci\u00f3&#8221; button_alignment=&#8221;center&#8221; disabled_on=&#8221;off|off|off&#8221; _builder_version=&#8221;4.27.2&#8243; _module_preset=&#8221;default&#8221; button_text_color=&#8221;#FFFFFF&#8221; button_bg_color=&#8221;#B04A5A&#8221; custom_margin=&#8221;9px||||false|false&#8221; custom_padding=&#8221;2%|7%|2%|7%|true|true&#8221; animation_style=&#8221;bounce&#8221; global_colors_info=&#8221;{}&#8221; button_bg_color__hover_enabled=&#8221;on|hover&#8221; button_bg_color__hover=&#8221;#515151&#8243; button_bg_enable_color__hover=&#8221;on&#8221; button_text_color__hover=&#8221;#E4D77E&#8221; button_text_color__hover_enabled=&#8221;on|desktop&#8221;][\/et_pb_button][\/et_pb_column][\/et_pb_row][et_pb_row column_structure=&#8221;1_2,1_2&#8243; _builder_version=&#8221;4.27.2&#8243; _module_preset=&#8221;default&#8221; global_colors_info=&#8221;{}&#8221;][et_pb_column type=&#8221;1_2&#8243; _builder_version=&#8221;4.27.2&#8243; _module_preset=&#8221;default&#8221; global_colors_info=&#8221;{}&#8221;][et_pb_pricing_tables featured_table_background_color=&#8221;rgba(228,215,126,0.32)&#8221; featured_table_header_background_color=&#8221;#584446&#8243; featured_table_header_text_color=&#8221;#E4D77E&#8221; header_background_color=&#8221;#00816D&#8221; featured_table_text_color=&#8221;#B04A5A&#8221; show_bullet=&#8221;off&#8221; featured_table_bullet_color=&#8221;#B04A5A&#8221; show_featured_drop_shadow=&#8221;off&#8221; price_background_color=&#8221;RGBA(255,255,255,0)&#8221; _builder_version=&#8221;4.27.2&#8243; _module_preset=&#8221;default&#8221; price_text_color=&#8221;#584446&#8243; body_text_color=&#8221;#584446&#8243; header_text_color=&#8221;#FFFFFF&#8221; header_font=&#8221;|600|||||||&#8221; header_text_align=&#8221;center&#8221; header_font_size=&#8221;21px&#8221; header_letter_spacing=&#8221;2px&#8221; header_line_height=&#8221;1.3em&#8221; body_text_align=&#8221;center&#8221; body_font_size=&#8221;17px&#8221; body_line_height=&#8221;1.2em&#8221; subheader_font_size=&#8221;15px&#8221; price_font=&#8221;|700||on|||||&#8221; price_text_align=&#8221;center&#8221; price_font_size=&#8221;44px&#8221; price_letter_spacing=&#8221;1px&#8221; price_line_height=&#8221;39px&#8221; background_color=&#8221;RGBA(228,215,126,0.78)&#8221; button_alignment=&#8221;center&#8221; text_orientation=&#8221;center&#8221; custom_padding=&#8221;15px|15px|15px|15px|true|true&#8221; custom_css_pricing_content=&#8221;Height: 120px;&#8221; border_width_all=&#8221;0px&#8221; border_color_all=&#8221;#FFFFFF&#8221; global_colors_info=&#8221;{}&#8221; custom_padding__hover_enabled=&#8221;off|hover&#8221; custom_css_pricing_content_last_edited=&#8221;on|phone&#8221; custom_css_pricing_content_tablet=&#8221;Height: 100px;&#8221; custom_css_pricing_content_phone=&#8221;Height: 100px;&#8221; transform_styles__hover_enabled=&#8221;on|hover&#8221; transform_scale__hover_enabled=&#8221;on|hover&#8221; transform_translate__hover_enabled=&#8221;on|hover&#8221; transform_rotate__hover_enabled=&#8221;on|desktop&#8221; transform_skew__hover_enabled=&#8221;on|desktop&#8221; transform_origin__hover_enabled=&#8221;on|desktop&#8221; custom_padding__hover=&#8221;|10px||10px|true|true&#8221;][et_pb_pricing_table featured=&#8221;on&#8221; title=&#8221;TARIFA REDU\u00cfDA&#8221; subtitle=&#8221;PAGAMENT EARLY BIRD&#8221; sum=&#8221;50 \u20ac&#8221; button_url=&#8221;#ins&#8221; price_background_color=&#8221;RGBA(255,255,255,0)&#8221; _builder_version=&#8221;4.27.2&#8243; _dynamic_attributes=&#8221;button_url&#8221; _module_preset=&#8221;default&#8221; price_text_color=&#8221;#B04A5A&#8221; body_line_height=&#8221;1.3em&#8221; custom_button=&#8221;on&#8221; button_text_color=&#8221;#FFFFFF&#8221; button_bg_color=&#8221;#B04A5A&#8221; button_border_color=&#8221;RGBA(255,255,255,0)&#8221; button_border_radius=&#8221;0px&#8221; button_letter_spacing=&#8221;1px&#8221; button_font=&#8221;|600||on|||||&#8221; button_use_icon=&#8221;off&#8221; button_alignment=&#8221;center&#8221; button_custom_margin=&#8221;0px|0px|0px|0px|true|true&#8221; button_custom_padding=&#8221;0px||0px||true|false&#8221; link_option_url=&#8221;#ins&#8221; custom_css_pricing_content=&#8221;padding: 0px 80px 0px 80px; &#8221; border_width_all=&#8221;7px&#8221; global_colors_info=&#8221;{}&#8221; button_bg_color__hover_enabled=&#8221;on|desktop&#8221; button_bg_color__hover=&#8221;#B07E5B&#8221; button_bg_enable_color__hover=&#8221;on&#8221; custom_css_pricing_content_last_edited=&#8221;on|tablet&#8221; custom_css_pricing_content_phone=&#8221;padding: 0px 20px 0px 20px; &#8221; custom_css_pricing_content_tablet=&#8221;padding: 0px 40px 0px 40px; &#8221; custom_css_pricing_title_last_edited=&#8221;on|phone&#8221; custom_css_pricing_title_tablet=&#8221;padding: 0px 40px 0px 40px; &#8221; custom_css_pricing_title_phone=&#8221;padding: 0px 40px 0px 40px; &#8221; sticky_transition=&#8221;on&#8221;]<\/p>\n<p>Per a estudiants, persones jubilades o a l&#8217;atur&#8230; Si us inscriviu de l&#8217;11 d&#8217;octubre al 30 de novembre de 2024.<\/p>\n<p>[\/et_pb_pricing_table][et_pb_pricing_table featured=&#8221;on&#8221; title=&#8221;TARIFA EST\u00c0NDARD&#8221; subtitle=&#8221;PAGAMENT EARLY BIRD&#8221; sum=&#8221;100 \u20ac&#8221; button_url=&#8221;@ET-DC@eyJkeW5hbWljIjp0cnVlLCJjb250ZW50IjoicG9zdF9saW5rX3VybF9wYWdlIiwic2V0dGluZ3MiOnsicG9zdF9pZCI6IjI5ODIiLCJlbmFibGVfaHRtbCI6Im9mZiJ9fQ==@&#8221; price_background_color=&#8221;RGBA(255,255,255,0)&#8221; _builder_version=&#8221;4.27.2&#8243; _dynamic_attributes=&#8221;button_url&#8221; _module_preset=&#8221;default&#8221; price_text_color=&#8221;#B04A5A&#8221; body_line_height=&#8221;1.3em&#8221; custom_button=&#8221;on&#8221; button_text_color=&#8221;#FFFFFF&#8221; button_bg_color=&#8221;#B04A5A&#8221; button_border_color=&#8221;RGBA(255,255,255,0)&#8221; button_border_radius=&#8221;0px&#8221; button_letter_spacing=&#8221;1px&#8221; button_font=&#8221;|600||on|||||&#8221; button_use_icon=&#8221;off&#8221; button_alignment=&#8221;center&#8221; button_custom_margin=&#8221;0px|0px|0px|0px|true|true&#8221; button_custom_padding=&#8221;0px||0px||true|false&#8221; custom_css_pricing_content=&#8221;padding: 0px 80px 0px 80px; &#8221; border_width_all=&#8221;7px&#8221; border_color_all=&#8221;#FFFFFF&#8221; global_colors_info=&#8221;{}&#8221; button_bg_color__hover_enabled=&#8221;on|desktop&#8221; button_bg_color__hover=&#8221;#B07E5B&#8221; button_bg_enable_color__hover=&#8221;on&#8221; custom_css_pricing_content_last_edited=&#8221;on|tablet&#8221; custom_css_pricing_content_phone=&#8221;padding: 0px 20px 0px 20px; &#8221; custom_css_pricing_content_tablet=&#8221;padding: 0px 40px 0px 40px; &#8221; custom_css_pricing_title_last_edited=&#8221;on|phone&#8221; custom_css_pricing_title_tablet=&#8221;padding: 0px 40px 0px 40px; &#8221; custom_css_pricing_title_phone=&#8221;padding: 0px 40px 0px 40px; &#8221; sticky_transition=&#8221;on&#8221;]<\/p>\n<p>Si us inscriviu de l&#8217;11 d&#8217;octubre al 30 de novembre de 2024.<\/p>\n<p>[\/et_pb_pricing_table][\/et_pb_pricing_tables][\/et_pb_column][et_pb_column type=&#8221;1_2&#8243; _builder_version=&#8221;4.27.2&#8243; _module_preset=&#8221;default&#8221; global_colors_info=&#8221;{}&#8221;][et_pb_pricing_tables featured_table_background_color=&#8221;rgba(228,215,126,0.32)&#8221; featured_table_header_background_color=&#8221;#584446&#8243; featured_table_header_text_color=&#8221;#E4D77E&#8221; header_background_color=&#8221;#00816D&#8221; featured_table_text_color=&#8221;#B04A5A&#8221; show_bullet=&#8221;off&#8221; featured_table_bullet_color=&#8221;#B04A5A&#8221; show_featured_drop_shadow=&#8221;off&#8221; price_background_color=&#8221;RGBA(255,255,255,0)&#8221; _builder_version=&#8221;4.27.4&#8243; _module_preset=&#8221;default&#8221; price_text_color=&#8221;#584446&#8243; body_text_color=&#8221;#584446&#8243; header_text_color=&#8221;#FFFFFF&#8221; header_font=&#8221;|600|||||||&#8221; header_text_align=&#8221;center&#8221; header_font_size=&#8221;21px&#8221; header_letter_spacing=&#8221;2px&#8221; header_line_height=&#8221;1.3em&#8221; body_text_align=&#8221;center&#8221; body_font_size=&#8221;17px&#8221; body_line_height=&#8221;1.2em&#8221; subheader_font_size=&#8221;15px&#8221; price_font=&#8221;|700||on|||||&#8221; price_text_align=&#8221;center&#8221; price_font_size=&#8221;44px&#8221; price_letter_spacing=&#8221;1px&#8221; price_line_height=&#8221;39px&#8221; background_color=&#8221;RGBA(228,215,126,0.78)&#8221; button_alignment=&#8221;center&#8221; text_orientation=&#8221;center&#8221; custom_padding=&#8221;15px|15px|15px|15px|true|true&#8221; hover_enabled=&#8221;0&#8243; custom_css_pricing_content=&#8221;Height: 120px;&#8221; border_width_all=&#8221;0px&#8221; border_color_all=&#8221;#FFFFFF&#8221; global_colors_info=&#8221;{}&#8221; custom_padding__hover_enabled=&#8221;on|desktop&#8221; custom_padding__hover=&#8221;15px||15px||true|false&#8221; custom_css_pricing_content_last_edited=&#8221;on|phone&#8221; custom_css_pricing_content_tablet=&#8221;Height: 100px;&#8221; custom_css_pricing_content_phone=&#8221;Height: 100px;&#8221; transform_styles__hover_enabled=&#8221;on|hover&#8221; transform_scale__hover_enabled=&#8221;on|hover&#8221; transform_translate__hover_enabled=&#8221;on|hover&#8221; transform_rotate__hover_enabled=&#8221;on|desktop&#8221; transform_skew__hover_enabled=&#8221;on|desktop&#8221; transform_origin__hover_enabled=&#8221;on|desktop&#8221; sticky_enabled=&#8221;0&#8243;][et_pb_pricing_table title=&#8221;TARIFA REDU\u00cfDA&#8221; subtitle=&#8221;PAGAMENT NORMAL&#8221; sum=&#8221;75 \u20ac&#8221; button_url=&#8221;@ET-DC@eyJkeW5hbWljIjp0cnVlLCJjb250ZW50IjoicG9zdF9saW5rX3VybF9wYWdlIiwic2V0dGluZ3MiOnsicG9zdF9pZCI6IjI5ODIiLCJlbmFibGVfaHRtbCI6Im9mZiJ9fQ==@&#8221; _builder_version=&#8221;4.27.4&#8243; _dynamic_attributes=&#8221;button_url&#8221; _module_preset=&#8221;default&#8221; custom_button=&#8221;on&#8221; button_text_color=&#8221;#FFFFFF&#8221; button_bg_color=&#8221;#B07E5B&#8221; button_border_color=&#8221;RGBA(255,255,255,0)&#8221; button_border_radius=&#8221;0px&#8221; button_letter_spacing=&#8221;1px&#8221; button_font=&#8221;|600||on|||||&#8221; button_use_icon=&#8221;off&#8221; button_alignment=&#8221;center&#8221; hover_enabled=&#8221;0&#8243; custom_css_pricing_content=&#8221;padding: 0px 80px 0px 80px; &#8221; border_width_all=&#8221;7px&#8221; border_color_all=&#8221;#FFFFFF&#8221; global_colors_info=&#8221;{}&#8221; button_bg_color__hover_enabled=&#8221;on|desktop&#8221; button_bg_color__hover=&#8221;#B04A5A&#8221; button_bg_enable_color__hover=&#8221;on&#8221; custom_css_pricing_content_last_edited=&#8221;on|tablet&#8221; custom_css_pricing_content_phone=&#8221;padding: 0px 20px 0px 20px; &#8221; custom_css_pricing_content_tablet=&#8221;padding: 0px 40px 0px 40px; &#8221; custom_css_pricing_title_last_edited=&#8221;on|phone&#8221; custom_css_pricing_title_tablet=&#8221;padding: 0px 40px 0px 40px; &#8221; custom_css_pricing_title_phone=&#8221;padding: 0px 40px 0px 40px; &#8221; sticky_transition=&#8221;on&#8221; sticky_enabled=&#8221;0&#8243;]<\/p>\n<p>Per a estudiants, persones jubilades o a l&#8217;atur&#8230; Si t&#8217;inscrius del 30 de novembre del 2024 al 15 de gener del 2025.<\/p>\n<p>[\/et_pb_pricing_table][et_pb_pricing_table title=&#8221;TARIFA EST\u00c0NDARD&#8221; subtitle=&#8221;PAGAMENT NORMAL&#8221; sum=&#8221;150 \u20ac&#8221; button_url=&#8221;@ET-DC@eyJkeW5hbWljIjp0cnVlLCJjb250ZW50IjoicG9zdF9saW5rX3VybF9wYWdlIiwic2V0dGluZ3MiOnsicG9zdF9pZCI6IjI5ODIiLCJlbmFibGVfaHRtbCI6Im9mZiJ9fQ==@&#8221; _builder_version=&#8221;4.27.4&#8243; _dynamic_attributes=&#8221;button_url&#8221; _module_preset=&#8221;default&#8221; custom_button=&#8221;on&#8221; button_text_color=&#8221;#FFFFFF&#8221; button_bg_color=&#8221;#B07E5B&#8221; button_border_color=&#8221;RGBA(255,255,255,0)&#8221; button_border_radius=&#8221;0px&#8221; button_letter_spacing=&#8221;1px&#8221; button_font=&#8221;|600||on|||||&#8221; button_use_icon=&#8221;off&#8221; button_alignment=&#8221;center&#8221; hover_enabled=&#8221;0&#8243; custom_css_pricing_content=&#8221;padding: 0px 80px 0px 80px; &#8221; border_width_all=&#8221;7px&#8221; border_color_all=&#8221;#FFFFFF&#8221; global_colors_info=&#8221;{}&#8221; button_bg_color__hover_enabled=&#8221;on|desktop&#8221; button_bg_color__hover=&#8221;#B04A5A&#8221; button_bg_enable_color__hover=&#8221;on&#8221; custom_css_pricing_content_last_edited=&#8221;on|tablet&#8221; custom_css_pricing_content_phone=&#8221;padding: 0px 20px 0px 20px; &#8221; custom_css_pricing_content_tablet=&#8221;padding: 0px 40px 0px 40px; &#8221; custom_css_pricing_title_last_edited=&#8221;on|phone&#8221; custom_css_pricing_title_tablet=&#8221;padding: 0px 40px 0px 40px; &#8221; custom_css_pricing_title_phone=&#8221;padding: 0px 40px 0px 40px; &#8221; sticky_transition=&#8221;on&#8221; sticky_enabled=&#8221;0&#8243;]<\/p>\n<p>Si t&#8217;inscrius del 30 de novembre del 2024 al 15 de gener del 2025.<\/p>\n<p>[\/et_pb_pricing_table][\/et_pb_pricing_tables][\/et_pb_column][\/et_pb_row][\/et_pb_section][et_pb_section fb_built=&#8221;1&#8243; module_id=&#8221;insciea&#8221; _builder_version=&#8221;4.27.2&#8243; _module_preset=&#8221;default&#8221; background_color=&#8221;RGBA(228,215,126,0.78)&#8221; background_image=&#8221;https:\/\/redestudiosafricanos.org\/wp-content\/uploads\/2024\/01\/rea_recursofondo_ok.png&#8221; background_size=&#8221;contain&#8221; background_position=&#8221;bottom_left&#8221; background_horizontal_offset=&#8221;0%&#8221; global_colors_info=&#8221;{}&#8221;][et_pb_row column_structure=&#8221;1_4,3_4&#8243; custom_padding_last_edited=&#8221;on|desktop&#8221; _builder_version=&#8221;4.27.2&#8243; _module_preset=&#8221;default&#8221; background_color=&#8221;#e8e0a3&#8243; custom_padding_tablet=&#8221;&#8221; custom_padding_phone=&#8221;|15px||15px|false|true&#8221; global_colors_info=&#8221;{}&#8221;][et_pb_column type=&#8221;1_4&#8243; _builder_version=&#8221;4.27.2&#8243; _module_preset=&#8221;default&#8221; global_colors_info=&#8221;{}&#8221;][\/et_pb_column][et_pb_column type=&#8221;3_4&#8243; _builder_version=&#8221;4.27.2&#8243; _module_preset=&#8221;default&#8221; global_colors_info=&#8221;{}&#8221;][et_pb_text _builder_version=&#8221;4.27.2&#8243; _module_preset=&#8221;default&#8221; header_2_text_color=&#8221;#B04A5A&#8221; header_2_font_size=&#8221;28px&#8221; custom_margin=&#8221;||27px||false|false&#8221; global_colors_info=&#8221;{}&#8221;]<\/p>\n<h2>Formulari dinscripci\u00f3<\/h2>\n<p>[\/et_pb_text][et_pb_code _builder_version=&#8221;4.27.2&#8243; _module_preset=&#8221;default&#8221; global_colors_info=&#8221;{}&#8221;]<p><h2>Per accedir a formulari d'inscripci\u00f3 cal que estiguis <span style=\"color: #993300\"><a style=\"color: #993300\" href=\"https:\/\/redestudiosafricanos.org\/ca\/members\/registre\/\" target=\"_blank\" rel=\"noopener\">registrat<\/a><\/span> .<\/h2>\n\n<h3>Si ja est\u00e0s registrat pots accedir <span style=\"color: #993300\"><a style=\"color: #993300\" href=\"https:\/\/redestudiosafricanos.org\/ca\/members\/login\/\" target=\"_blank\" rel=\"noopener\">aqu\u00ed<\/a><\/span> .<\/h3><\/p>[\/et_pb_code][\/et_pb_column][\/et_pb_row][\/et_pb_section]<\/p>\n","protected":false},"excerpt":{"rendered":"<p>INSCRIPCI\u00d3 AL CONGR\u00c9S El per\u00edode d&#8217;inscripci\u00f3 per assistir al CIEA12 \u00e9s obert des de l&#8217;11 d&#8217;octubre de 2024 fins al 15 de gener de 2025. A continuaci\u00f3, trobareu un formulari on, despr\u00e9s de registrar-vos a la web, podreu ingressar les vostres dades i realitzar el pagament corresponent . &nbsp; Tarifes i modalitats de pagamentPer a [&hellip;]<\/p>\n","protected":false},"author":2,"featured_media":0,"parent":0,"menu_order":0,"comment_status":"closed","ping_status":"closed","template":"","meta":{"_acf_changed":false,"_et_pb_use_builder":"on","_et_pb_old_content":"","_et_gb_content_width":"","footnotes":""},"class_list":["post-3833","page","type-page","status-publish","hentry"],"acf":[],"_links":{"self":[{"href":"https:\/\/redestudiosafricanos.org\/ca\/wp-json\/wp\/v2\/pages\/3833","targetHints":{"allow":["GET"]}}],"collection":[{"href":"https:\/\/redestudiosafricanos.org\/ca\/wp-json\/wp\/v2\/pages"}],"about":[{"href":"https:\/\/redestudiosafricanos.org\/ca\/wp-json\/wp\/v2\/types\/page"}],"author":[{"embeddable":true,"href":"https:\/\/redestudiosafricanos.org\/ca\/wp-json\/wp\/v2\/users\/2"}],"replies":[{"embeddable":true,"href":"https:\/\/redestudiosafricanos.org\/ca\/wp-json\/wp\/v2\/comments?post=3833"}],"version-history":[{"count":5,"href":"https:\/\/redestudiosafricanos.org\/ca\/wp-json\/wp\/v2\/pages\/3833\/revisions"}],"predecessor-version":[{"id":8456,"href":"https:\/\/redestudiosafricanos.org\/ca\/wp-json\/wp\/v2\/pages\/3833\/revisions\/8456"}],"wp:attachment":[{"href":"https:\/\/redestudiosafricanos.org\/ca\/wp-json\/wp\/v2\/media?parent=3833"}],"curies":[{"name":"wp","href":"https:\/\/api.w.org\/{rel}","templated":true}]}}