{"id":3180,"date":"2024-06-10T16:59:48","date_gmt":"2024-06-10T14:59:48","guid":{"rendered":"https:\/\/redestudiosafricanos.org\/gestion-des-communications\/"},"modified":"2024-08-09T19:05:16","modified_gmt":"2024-08-09T17:05:16","slug":"gestion-des-communications","status":"publish","type":"page","link":"https:\/\/redestudiosafricanos.org\/fr\/le-congres\/comment-participer\/envoi-de-communications\/gestion-des-communications\/","title":{"rendered":"Gestion des communications"},"content":{"rendered":"<p><span class=\"wppb-frontend-restriction-message wppb-content-restriction-message\"><\/p>\n<div class=\"messageloggin\">\n<h2>Para acceder a esta p\u00e1gina o contenido del sitio web es necesario que est\u00e9s <span style=\"color: #993300\"><a style=\"color: #993300\" href=\"https:\/\/redestudiosafricanos.org\/participantes\/register\/\" target=\"_blank\" rel=\"noopener\">registrado<\/a><\/span>.<\/h2>\n<h3>Si ya est\u00e1s registrado puedes acceder <span style=\"color: #993300\"><a style=\"color: #993300\" href=\"https:\/\/redestudiosafricanos.org\/participantes\/login\/\" target=\"_blank\" rel=\"noopener\">aqu\u00ed<\/a><\/span>.<\/h3>\n<\/div>\n<p><\/span><\/p>\n","protected":false},"excerpt":{"rendered":"<p>Si vous \u00eates coordinateur, veuillez contacter le PANEL que vous coordonnez et vous y trouverez une section pour la gestion et l&#8217;approbation des communications qui lui sont envoy\u00e9es, en dessous du contenu.Il s&#8217;agit d&#8217;une zone visible par les administrateurs de la plate-forme o\u00f9 une liste de toutes les communications envoy\u00e9es par l&#8217;interm\u00e9diaire de la plate-forme [&hellip;]<\/p>\n","protected":false},"author":1,"featured_media":0,"parent":3190,"menu_order":0,"comment_status":"closed","ping_status":"closed","template":"","meta":{"_acf_changed":false,"_et_pb_use_builder":"on","_et_pb_old_content":"","_et_gb_content_width":"","footnotes":""},"class_list":["post-3180","page","type-page","status-publish","hentry"],"acf":[],"_links":{"self":[{"href":"https:\/\/redestudiosafricanos.org\/fr\/wp-json\/wp\/v2\/pages\/3180","targetHints":{"allow":["GET"]}}],"collection":[{"href":"https:\/\/redestudiosafricanos.org\/fr\/wp-json\/wp\/v2\/pages"}],"about":[{"href":"https:\/\/redestudiosafricanos.org\/fr\/wp-json\/wp\/v2\/types\/page"}],"author":[{"embeddable":true,"href":"https:\/\/redestudiosafricanos.org\/fr\/wp-json\/wp\/v2\/users\/1"}],"replies":[{"embeddable":true,"href":"https:\/\/redestudiosafricanos.org\/fr\/wp-json\/wp\/v2\/comments?post=3180"}],"version-history":[{"count":5,"href":"https:\/\/redestudiosafricanos.org\/fr\/wp-json\/wp\/v2\/pages\/3180\/revisions"}],"predecessor-version":[{"id":5786,"href":"https:\/\/redestudiosafricanos.org\/fr\/wp-json\/wp\/v2\/pages\/3180\/revisions\/5786"}],"up":[{"embeddable":true,"href":"https:\/\/redestudiosafricanos.org\/fr\/wp-json\/wp\/v2\/pages\/3190"}],"wp:attachment":[{"href":"https:\/\/redestudiosafricanos.org\/fr\/wp-json\/wp\/v2\/media?parent=3180"}],"curies":[{"name":"wp","href":"https:\/\/api.w.org\/{rel}","templated":true}]}}