{"id":1399,"date":"2024-01-08T13:39:11","date_gmt":"2024-01-08T12:39:11","guid":{"rendered":"https:\/\/redestudiosafricanos.org\/politica-de-privacidade\/"},"modified":"2024-04-11T14:22:14","modified_gmt":"2024-04-11T12:22:14","slug":"politica-de-privacidade","status":"publish","type":"page","link":"https:\/\/redestudiosafricanos.org\/pt-pt\/politica-de-privacidade\/","title":{"rendered":"Pol\u00edtica de privacidade"},"content":{"rendered":"<p>[et_pb_section fb_built=&#8221;1&#8243; _builder_version=&#8221;4.24.2&#8243; _module_preset=&#8221;default&#8221; background_color=&#8221;#FFFFFF&#8221; background_enable_image=&#8221;off&#8221; background_size=&#8221;custom&#8221; background_image_width=&#8221;0%&#8221; background_image_height=&#8221;100%&#8221; background_position=&#8221;center_left&#8221; custom_margin=&#8221;0px||0px||false|false&#8221; custom_padding=&#8221;101px||101px||true|false&#8221; global_colors_info=&#8221;{}&#8221;][et_pb_row column_structure=&#8221;1_3,2_3&#8243; _builder_version=&#8221;4.24.2&#8243; _module_preset=&#8221;default&#8221; background_color=&#8221;#ffffff&#8221; z_index=&#8221;500&#8243; width=&#8221;100%&#8221; max_width=&#8221;100%&#8221; custom_margin=&#8221;0px||0px||false|false&#8221; custom_padding=&#8221;0px||0px||true|false&#8221; global_colors_info=&#8221;{}&#8221; filter_saturate__hover_enabled=&#8221;on|desktop&#8221; filter_saturate__hover=&#8221;100%&#8221;][et_pb_column type=&#8221;1_3&#8243; _builder_version=&#8221;4.24.2&#8243; _module_preset=&#8221;default&#8221; background_enable_image=&#8221;off&#8221; background_size=&#8221;contain&#8221; background_position=&#8221;top_center&#8221; background_blend=&#8221;multiply&#8221; global_colors_info=&#8221;{}&#8221;][\/et_pb_column][et_pb_column type=&#8221;2_3&#8243; _builder_version=&#8221;4.23.4&#8243; _module_preset=&#8221;default&#8221; global_colors_info=&#8221;{}&#8221;][et_pb_text _builder_version=&#8221;4.24.2&#8243; _module_preset=&#8221;4e1c6a03-65f0-440f-908a-601bcb857d86&#8243; header_font=&#8221;Gabarito regular|||on|||||&#8221; header_text_align=&#8221;left&#8221; header_text_color=&#8221;#B04A5A&#8221; header_2_text_align=&#8221;left&#8221; text_orientation=&#8221;left&#8221; custom_margin=&#8221;||28px||false|false&#8221; custom_padding=&#8221;|25%||0px|false|false&#8221; custom_padding_tablet=&#8221;|90px||90px|false|true&#8221; custom_padding_phone=&#8221;|50px||50px|false|true&#8221; custom_padding_last_edited=&#8221;on|phone&#8221; text_font_size_tablet=&#8221;&#8221; text_font_size_phone=&#8221;18px&#8221; text_font_size_last_edited=&#8221;on|phone&#8221; text_orientation_tablet=&#8221;left&#8221; text_orientation_phone=&#8221;center&#8221; text_orientation_last_edited=&#8221;on|phone&#8221; global_colors_info=&#8221;{}&#8221;]<\/p>\n<h1>Pol\u00edtica de privacidade<\/h1>\n<p>[\/et_pb_text][et_pb_text _builder_version=&#8221;4.24.3&#8243; _module_preset=&#8221;default&#8221; link_font=&#8221;||||on||||&#8221; link_text_color=&#8221;#B04A5A&#8221; header_2_font=&#8221;Gabarito Bold||||||||&#8221; header_2_font_size=&#8221;20px&#8221; header_2_line_height=&#8221;1.2em&#8221; header_3_font=&#8221;Gabarito regular||||||||&#8221; header_3_text_color=&#8221;#B07E5B&#8221; header_3_font_size=&#8221;18px&#8221; header_3_line_height=&#8221;1.3em&#8221; custom_padding=&#8221;0px|25%|0px||false|false&#8221; custom_padding_tablet=&#8221;|100px||85px|false|false&#8221; custom_padding_phone=&#8221;0px|50px|0px|50px|false|true&#8221; custom_padding_last_edited=&#8221;on|tablet&#8221; hover_enabled=&#8221;0&#8243; text_orientation_tablet=&#8221;&#8221; text_orientation_phone=&#8221;left&#8221; text_orientation_last_edited=&#8221;on|phone&#8221; global_colors_info=&#8221;{}&#8221; link_text_color__hover_enabled=&#8221;on|desktop&#8221; link_text_color__hover=&#8221;#00816D&#8221; sticky_enabled=&#8221;0&#8243;]<\/p>\n<h2>INFORMA\u00c7\u00c3O DO USU\u00c1RIO<\/h2>\n<p>&nbsp;<\/p>\n<h3>Quem \u00e9 o respons\u00e1vel pelo tratamento dos seus dados pessoais?<\/h3>\n<p>A<strong> Rede de Estudos Africanos (REA)<\/strong> \u00e9 RESPONS\u00c1VEL pelo tratamento dos dados pessoais do UTILIZADOR e informa o UTILIZADOR de que estes dados ser\u00e3o tratados em conformidade com as disposi\u00e7\u00f5es do Regulamento (UE) 2016\/679 de 27 de abril (RGPD) e da Lei Org\u00e2nica 3\/2018 de 5 de dezembro (LOPDGDD).<\/p>\n<h3><\/h3>\n<h3>Por que processamos os seus dados pessoais?<\/h3>\n<p>Manter uma rela\u00e7\u00e3o comercial com o usu\u00e1rio. As opera\u00e7\u00f5es previstas para a realiza\u00e7\u00e3o do tratamento s\u00e3o: <\/p>\n<ul>\n<li>Envio de comunica\u00e7\u00f5es publicit\u00e1rias comerciais por e-mail, fax, SMS, MMS, redes sociais ou qualquer outro meio eletr\u00f3nico ou f\u00edsico, presente ou futuro, que possibilite a realiza\u00e7\u00e3o de comunica\u00e7\u00f5es comerciais. Estas comunica\u00e7\u00f5es ser\u00e3o efetuadas pelo CONTROLADOR e estar\u00e3o relacionadas com os seus produtos e servi\u00e7os, ou com os seus colaboradores ou fornecedores, com os quais tenha celebrado um acordo promocional. Neste caso, terceiros nunca ter\u00e3o acesso aos dados pessoais.  <\/li>\n<li>Realizar estudos de mercado e an\u00e1lises estat\u00edsticas.<\/li>\n<li>Processar pedidos, solicita\u00e7\u00f5es, responder a d\u00favidas ou qualquer tipo de solicita\u00e7\u00e3o realizada pelo USU\u00c1RIO atrav\u00e9s de qualquer um dos formul\u00e1rios de contato disponibilizados no site do CONTROLADOR.<\/li>\n<li>Enviar a newsletter online, sobre novidades, ofertas e promo\u00e7\u00f5es da nossa atividade.<\/li>\n<\/ul>\n<h3><\/h3>\n<h3>Por que raz\u00e3o podemos tratar os seus dados pessoais?<\/h3>\n<p>Porque o tratamento \u00e9 legitimado pelo artigo 6\u00ba do RGPD da seguinte forma:<\/p>\n<ul>\n<li>Com o consentimento do USU\u00c1RIO: envio de comunica\u00e7\u00f5es comerciais e newsletter.<\/li>\n<li>Pelo leg\u00edtimo interesse do CONTROLADOR: realizar estudos de mercado, an\u00e1lises estat\u00edsticas, etc. e processar pedidos, solicita\u00e7\u00f5es, etc. a pedido do USU\u00c1RIO.<\/li>\n<\/ul>\n<h3><\/h3>\n<h3>Durante quanto tempo conservaremos os seus dados pessoais?<\/h3>\n<p>Se conservar\u00e1n durante no m\u00e1s tiempo del necesario para mantener el fin del tratamiento o existan prescripciones legales que dictaminen su custodia y cuando ya no sea necesario para ello, se suprimir\u00e1n con medidas de seguridad adecuadas para garantizar la anonimizaci\u00f3n de los datos o la destrucci\u00f3n total de os mesmos.<\/p>\n<h3><\/h3>\n<h3>A quem fornecemos os seus dados pessoais?<\/h3>\n<p>N\u00e3o est\u00e1 prevista nenhuma comunica\u00e7\u00e3o de dados pessoais a terceiros, exceto, se necess\u00e1rio para o desenvolvimento e execu\u00e7\u00e3o das finalidades do tratamento, aos nossos prestadores de servi\u00e7os relacionados com comunica\u00e7\u00f5es, com os quais o CONTROLADOR celebrou contratos de confidencialidade e tratamento de dados. regulamentos de privacidade.<\/p>\n<h3><\/h3>\n<h3>Quais s\u00e3o os seus direitos?<\/h3>\n<p>Os direitos que assistem o USU\u00c1RIO s\u00e3o:<\/p>\n<ul>\n<li>Direito de retirar o consentimento a qualquer momento.<\/li>\n<li>Direito de acesso, retifica\u00e7\u00e3o, portabilidade e elimina\u00e7\u00e3o dos seus dados, e limita\u00e7\u00e3o ou oposi\u00e7\u00e3o ao seu tratamento.<\/li>\n<li>Direito de apresentar uma reclama\u00e7\u00e3o junto da autoridade de controlo (www.aepd.es) se considerar que o tratamento n\u00e3o est\u00e1 em conformidade com a regulamenta\u00e7\u00e3o em vigor.<\/li>\n<\/ul>\n<p>Contactos para o exerc\u00edcio dos seus direitos:<\/p>\n<ul>\n<li>Rede de Estudos Africanos (REA).<\/li>\n<li>Correio eletr\u00f3nico: <a href=\"mailto:info@redestudiosafricanos.org\">info@redestudiosafricanos.org<\/a><\/li>\n<\/ul>\n<p>&nbsp;<\/p>\n<h2>2. NATUREZA OBRIGAT\u00d3RIA OU FACULTATIVA DAS INFORMA\u00c7\u00d5ES FORNECIDAS PELO USU\u00c1RIO<\/h2>\n<p>&nbsp;<\/p>\n<p>Os USU\u00c1RIOS, marcando as caixas correspondentes e inserindo os dados nos campos marcados com a palavra \u201cobrigat\u00f3rio\u201d, no formul\u00e1rio de contato ou apresentados em formul\u00e1rios de download, aceitam expressa e livre e inequivocamente que seus Dados s\u00e3o necess\u00e1rios para responder \u00e0 sua solicita\u00e7\u00e3o, por o provedor, sendo volunt\u00e1ria a inclus\u00e3o de dados nos demais campos. O USU\u00c1RIO garante que os dados pessoais fornecidos ao CONTROLADOR s\u00e3o verdadeiros e \u00e9 respons\u00e1vel por comunicar qualquer modifica\u00e7\u00e3o dos mesmos. <\/p>\n<p>O RESPONS\u00c1VEL informa que todos os dados solicitados atrav\u00e9s do site s\u00e3o obrigat\u00f3rios, pois s\u00e3o necess\u00e1rios para prestar um \u00f3timo servi\u00e7o ao USU\u00c1RIO. Se n\u00e3o forem fornecidos todos os dados, n\u00e3o \u00e9 garantido que a informa\u00e7\u00e3o e os servi\u00e7os prestados estejam completamente adaptados \u00e0s suas necessidades. <\/p>\n<p>&nbsp;<\/p>\n<h2>3. MEDIDAS DE SEGURAN\u00c7A<\/h2>\n<p>Que de acordo com o disposto na regulamenta\u00e7\u00e3o em vigor sobre prote\u00e7\u00e3o de dados pessoais, o RESPONS\u00c1VEL est\u00e1 cumprindo todas as disposi\u00e7\u00f5es dos regulamentos GDPR e LOPDGDD para o tratamento de dados pessoais sob sua responsabilidade, e manifestamente com os princ\u00edpios descritos no artigo. 5\u00ba do RGPD, pelo qual s\u00e3o tratados de forma l\u00edcita, leal e transparente em rela\u00e7\u00e3o ao interessado e adequados, relevantes e limitados ao necess\u00e1rio em rela\u00e7\u00e3o aos fins para os quais s\u00e3o tratados.<\/p>\n<p>O RESPONS\u00c1VEL garante que implementou pol\u00edticas t\u00e9cnicas e organizacionais adequadas para aplicar as medidas de seguran\u00e7a estabelecidas pelo GDPR e pela LOPDGDD, a fim de proteger os direitos e liberdades dos USU\u00c1RIOS e comunicou-lhes as informa\u00e7\u00f5es adequadas para que possam exerc\u00ea-los.<\/p>\n<p>Para mais informa\u00e7\u00f5es sobre garantias de privacidade, voc\u00ea pode entrar em contato com o RESPONS\u00c1VEL atrav\u00e9s de:<\/p>\n<ul>\n<li>Rede de Estudos Africanos (REA).<\/li>\n<li>Correio eletr\u00f3nico: <a href=\"mailto:info@redestudiosafricanos.org\">info@redestudiosafricanos.org<\/a><\/li>\n<\/ul>\n<p>&nbsp;<\/p>\n<p>[\/et_pb_text][\/et_pb_column][\/et_pb_row][\/et_pb_section]<\/p>\n","protected":false},"excerpt":{"rendered":"<p>Pol\u00edtica de privacidadeINFORMA\u00c7\u00c3O DO USU\u00c1RIO &nbsp; Quem \u00e9 o respons\u00e1vel pelo tratamento dos seus dados pessoais? A Rede de Estudos Africanos (REA) \u00e9 RESPONS\u00c1VEL pelo tratamento dos dados pessoais do UTILIZADOR e informa o UTILIZADOR de que estes dados ser\u00e3o tratados em conformidade com as disposi\u00e7\u00f5es do Regulamento (UE) 2016\/679 de 27 de abril (RGPD) [&hellip;]<\/p>\n","protected":false},"author":1,"featured_media":0,"parent":0,"menu_order":3,"comment_status":"closed","ping_status":"closed","template":"","meta":{"_acf_changed":false,"_et_pb_use_builder":"on","_et_pb_old_content":"","_et_gb_content_width":"","footnotes":""},"class_list":["post-1399","page","type-page","status-publish","hentry"],"acf":[],"_links":{"self":[{"href":"https:\/\/redestudiosafricanos.org\/pt-pt\/wp-json\/wp\/v2\/pages\/1399","targetHints":{"allow":["GET"]}}],"collection":[{"href":"https:\/\/redestudiosafricanos.org\/pt-pt\/wp-json\/wp\/v2\/pages"}],"about":[{"href":"https:\/\/redestudiosafricanos.org\/pt-pt\/wp-json\/wp\/v2\/types\/page"}],"author":[{"embeddable":true,"href":"https:\/\/redestudiosafricanos.org\/pt-pt\/wp-json\/wp\/v2\/users\/1"}],"replies":[{"embeddable":true,"href":"https:\/\/redestudiosafricanos.org\/pt-pt\/wp-json\/wp\/v2\/comments?post=1399"}],"version-history":[{"count":5,"href":"https:\/\/redestudiosafricanos.org\/pt-pt\/wp-json\/wp\/v2\/pages\/1399\/revisions"}],"predecessor-version":[{"id":2531,"href":"https:\/\/redestudiosafricanos.org\/pt-pt\/wp-json\/wp\/v2\/pages\/1399\/revisions\/2531"}],"wp:attachment":[{"href":"https:\/\/redestudiosafricanos.org\/pt-pt\/wp-json\/wp\/v2\/media?parent=1399"}],"curies":[{"name":"wp","href":"https:\/\/api.w.org\/{rel}","templated":true}]}}