{"id":1405,"date":"2024-01-24T13:55:27","date_gmt":"2024-01-24T12:55:27","guid":{"rendered":"https:\/\/redestudiosafricanos.org\/aviso-legal\/"},"modified":"2024-04-11T14:30:03","modified_gmt":"2024-04-11T12:30:03","slug":"aviso-legal","status":"publish","type":"page","link":"https:\/\/redestudiosafricanos.org\/pt-pt\/aviso-legal\/","title":{"rendered":"Aviso legal"},"content":{"rendered":"<p>[et_pb_section fb_built=&#8221;1&#8243; _builder_version=&#8221;4.24.2&#8243; _module_preset=&#8221;default&#8221; background_color=&#8221;#FFFFFF&#8221; background_enable_image=&#8221;off&#8221; background_size=&#8221;custom&#8221; background_image_width=&#8221;0%&#8221; background_image_height=&#8221;100%&#8221; background_position=&#8221;center_left&#8221; custom_margin=&#8221;0px||0px||false|false&#8221; custom_padding=&#8221;101px||101px||true|false&#8221; global_colors_info=&#8221;{}&#8221;][et_pb_row column_structure=&#8221;1_3,2_3&#8243; _builder_version=&#8221;4.24.2&#8243; _module_preset=&#8221;default&#8221; background_color=&#8221;#ffffff&#8221; z_index=&#8221;500&#8243; width=&#8221;100%&#8221; max_width=&#8221;100%&#8221; custom_margin=&#8221;0px||0px||false|false&#8221; custom_padding=&#8221;0px||0px||true|false&#8221; global_colors_info=&#8221;{}&#8221; filter_saturate__hover_enabled=&#8221;on|desktop&#8221; filter_saturate__hover=&#8221;100%&#8221;][et_pb_column type=&#8221;1_3&#8243; _builder_version=&#8221;4.24.2&#8243; _module_preset=&#8221;default&#8221; background_enable_image=&#8221;off&#8221; background_size=&#8221;contain&#8221; background_position=&#8221;top_center&#8221; background_blend=&#8221;multiply&#8221; global_colors_info=&#8221;{}&#8221;][\/et_pb_column][et_pb_column type=&#8221;2_3&#8243; _builder_version=&#8221;4.23.4&#8243; _module_preset=&#8221;default&#8221; global_colors_info=&#8221;{}&#8221;][et_pb_text _builder_version=&#8221;4.24.2&#8243; _module_preset=&#8221;4e1c6a03-65f0-440f-908a-601bcb857d86&#8243; header_font=&#8221;Gabarito regular|||on|||||&#8221; header_text_align=&#8221;left&#8221; header_text_color=&#8221;#B04A5A&#8221; header_2_text_align=&#8221;left&#8221; text_orientation=&#8221;left&#8221; custom_margin=&#8221;||28px||false|false&#8221; custom_padding=&#8221;|25%||0px|false|false&#8221; custom_padding_tablet=&#8221;|90px||90px|false|true&#8221; custom_padding_phone=&#8221;|50px||50px|false|true&#8221; custom_padding_last_edited=&#8221;on|phone&#8221; text_font_size_tablet=&#8221;&#8221; text_font_size_phone=&#8221;18px&#8221; text_font_size_last_edited=&#8221;on|phone&#8221; text_orientation_tablet=&#8221;left&#8221; text_orientation_phone=&#8221;center&#8221; text_orientation_last_edited=&#8221;on|phone&#8221; global_colors_info=&#8221;{}&#8221;]<\/p>\n<h1>Aviso legal<\/h1>\n<p>[\/et_pb_text][et_pb_text _builder_version=&#8221;4.24.3&#8243; _module_preset=&#8221;default&#8221; link_font=&#8221;||||on||||&#8221; link_text_color=&#8221;#B04A5A&#8221; header_2_font=&#8221;Gabarito Bold||||||||&#8221; header_2_font_size=&#8221;20px&#8221; header_2_line_height=&#8221;1.2em&#8221; header_3_font=&#8221;Gabarito regular||||||||&#8221; header_3_text_color=&#8221;#B07E5B&#8221; header_3_font_size=&#8221;18px&#8221; header_3_line_height=&#8221;1.3em&#8221; header_4_font=&#8221;Gabarito regular||||||||&#8221; custom_padding=&#8221;0px|25%|0px||false|false&#8221; custom_padding_tablet=&#8221;|100px||85px|false|false&#8221; custom_padding_phone=&#8221;0px|50px|0px|50px|false|true&#8221; custom_padding_last_edited=&#8221;on|tablet&#8221; hover_enabled=&#8221;0&#8243; text_orientation_tablet=&#8221;&#8221; text_orientation_phone=&#8221;left&#8221; text_orientation_last_edited=&#8221;on|phone&#8221; global_colors_info=&#8221;{}&#8221; link_text_color__hover_enabled=&#8221;on|desktop&#8221; link_text_color__hover=&#8221;#00816D&#8221; sticky_enabled=&#8221;0&#8243;]<\/p>\n<h2>LEI DOS SERVI\u00c7OS DA SOCIEDADE DE INFORMA\u00c7\u00c3O (LSSI)<\/h2>\n<p>&nbsp;<\/p>\n<p>A <strong>Rede de Estudos Africanos (REA)<\/strong>respons\u00e1vel pelo s\u00edtio web, doravante RESPONS\u00c1VEL, coloca \u00e0 disposi\u00e7\u00e3o dos utilizadores o presente documento, com o qual pretende cumprir as obriga\u00e7\u00f5es estabelecidas na Lei 34\/2002, de 11 de julho, de Servi\u00e7os da Sociedade da Informa\u00e7\u00e3o e do Com\u00e9rcio Eletr\u00f3nico (LSSICE), BOE n.\u00ba 166, bem como informar todos os utilizadores do s\u00edtio web sobre as condi\u00e7\u00f5es de utiliza\u00e7\u00e3o.<\/p>\n<p>Qualquer pessoa que aceda a este site assume o papel de utilizador, comprometendo-se com a estrita observ\u00e2ncia e cumprimento das disposi\u00e7\u00f5es aqui estabelecidas, bem como de qualquer outra disposi\u00e7\u00e3o legal que lhe seja aplic\u00e1vel.<\/p>\n<p>O  <strong>Rede de Estudos Africanos (AER)<\/strong>  reserva-se o direito de modificar qualquer tipo de informa\u00e7\u00e3o que possa aparecer no s\u00edtio Web, sem que exista qualquer obriga\u00e7\u00e3o de aviso pr\u00e9vio ou de informa\u00e7\u00e3o aos utilizadores sobre essas obriga\u00e7\u00f5es, entendendo-se como suficiente a publica\u00e7\u00e3o no s\u00edtio Web.  <strong>Rede de Estudos Africanos (AER)<\/strong>.<\/p>\n<p>&nbsp;<\/p>\n<h3>1. DADOS DE IDENTIFICA\u00c7\u00c3O<\/h3>\n<p>Nome de dom\u00ednio: <a href=\"https:\/\/redestudiosafricanos.org\/pt-pt\/\">https:\/\/redestudiosafricanos.org<\/a><br \/>Nome da empresa: Rede de Estudos Africanos (REA)<br \/>Correio eletr\u00f3nico: <a href=\"mailto:info@redestudiosafricanos.org\">info@redestudiosafricanos.org<\/a><\/p>\n<p>&nbsp;<\/p>\n<h3>2. DIREITOS DE PROPRIEDADE INTELECTUAL E INDUSTRIAL<\/h3>\n<p>O site, incluindo, mas n\u00e3o se limitando \u00e0 sua programa\u00e7\u00e3o, edi\u00e7\u00e3o, compila\u00e7\u00e3o e outros elementos necess\u00e1rios ao seu funcionamento, os designs, logotipos, textos e\/ou gr\u00e1ficos, s\u00e3o de propriedade do RESPONS\u00c1VEL ou, se aplic\u00e1vel, possui licen\u00e7a. ou autoriza\u00e7\u00e3o expressa dos autores. Todos os conte\u00fados do site est\u00e3o devidamente protegidos pelas normas de propriedade intelectual e industrial, bem como registados nos registos p\u00fablicos correspondentes. <\/p>\n<p>Independentemente da finalidade a que se destinam, a reprodu\u00e7\u00e3o, utiliza\u00e7\u00e3o, explora\u00e7\u00e3o, distribui\u00e7\u00e3o e comercializa\u00e7\u00e3o, total ou parcial, requer em todos os casos autoriza\u00e7\u00e3o pr\u00e9via por escrito do RESPONS\u00c1VEL. Qualquer utiliza\u00e7\u00e3o n\u00e3o previamente autorizada \u00e9 considerada uma viola\u00e7\u00e3o grave dos direitos de propriedade intelectual ou industrial do autor. <\/p>\n<p>Os desenhos, log\u00f3tipos, textos e\/ou gr\u00e1ficos que n\u00e3o perten\u00e7am ao RESPONS\u00c1VEL e que possam aparecer no s\u00edtio Web pertencem aos seus respectivos propriet\u00e1rios, que s\u00e3o eles pr\u00f3prios respons\u00e1veis por qualquer poss\u00edvel controv\u00e9rsia que possa surgir em rela\u00e7\u00e3o aos mesmos. O RESPONS\u00c1VEL autoriza expressamente terceiros a redirecionar diretamente para os conte\u00fados espec\u00edficos do s\u00edtio Web e, em qualquer caso, a redirecionar para o s\u00edtio Web principal de <a href=\"https:\/\/redestudiosafricanos.org\/pt-pt\/\">https:\/\/redestudiosafricanos.org.<\/a><\/p>\n<p>O RESPONS\u00c1VEL reconhece os correspondentes direitos de propriedade intelectual e industrial a favor dos seus titulares, e a sua simples men\u00e7\u00e3o ou aparecimento no site n\u00e3o implica a exist\u00eancia de quaisquer direitos ou responsabilidades sobre os mesmos, nem implica endosso, patroc\u00ednio ou recomenda\u00e7\u00e3o por parte do mesmo.<\/p>\n<p>Se desejar fazer qualquer coment\u00e1rio sobre poss\u00edveis viola\u00e7\u00f5es de direitos de propriedade intelectual ou industrial, ou sobre qualquer conte\u00fado do s\u00edtio Web, pode faz\u00ea-lo enviando uma mensagem de correio eletr\u00f3nico para <a href=\"mailto:info@redestudiosafricanos.org\">info@redestudiosafricanos.org.<\/a><\/p>\n<p>&nbsp;<\/p>\n<h3>3. ISEN\u00c7\u00c3O DE RESPONSABILIDADE<\/h3>\n<p>O RESPONS\u00c1VEL exime-se de qualquer tipo de responsabilidade derivada da informa\u00e7\u00e3o publicada no seu site sempre que esta informa\u00e7\u00e3o tenha sido manipulada ou introduzida por terceiro alheio a ele.<\/p>\n<p>&nbsp;<\/p>\n<h4>Uso de Cookies<\/h4>\n<p>Este site pode utilizar cookies t\u00e9cnicos (pequenos arquivos de informa\u00e7\u00e3o que o servidor envia ao computador de quem acessa a p\u00e1gina) para realizar determinadas fun\u00e7\u00f5es consideradas essenciais para o correto funcionamento e visualiza\u00e7\u00e3o do site. Os cookies utilizados s\u00e3o, em qualquer caso, de natureza tempor\u00e1ria, com a \u00fanica finalidade de tornar a navega\u00e7\u00e3o mais eficiente, e desaparecem quando termina a sess\u00e3o do utilizador. Em nenhum caso estes cookies fornecem dados pessoais por si s\u00f3 e n\u00e3o ser\u00e3o utilizados para os recolher.  <\/p>\n<p>Atrav\u00e9s da utiliza\u00e7\u00e3o de cookies, tamb\u00e9m \u00e9 poss\u00edvel que o servidor onde se encontra o site reconhe\u00e7a o navegador utilizado pelo usu\u00e1rio para facilitar a navega\u00e7\u00e3o, permitindo, por exemplo, o acesso de usu\u00e1rios que tenham se cadastrado previamente nas \u00e1reas, servi\u00e7os , promo\u00e7\u00f5es ou concursos reservados exclusivamente para eles, sem necessidade de registro em cada visita.<\/p>\n<p>Podem tamb\u00e9m ser utilizados para medir a audi\u00eancia, par\u00e2metros de tr\u00e1fego, controlar o progresso e o n\u00famero de entradas, etc., sendo nestes casos os cookies tecnicamente dispens\u00e1veis, mas ben\u00e9ficos para o utilizador. Este site n\u00e3o instalar\u00e1 cookies dispens\u00e1veis \u200b\u200bsem o consentimento pr\u00e9vio do usu\u00e1rio. <\/p>\n<p>O utilizador tem a possibilidade de configurar o seu navegador para ser alertado quando forem recebidos cookies e impedir a sua instala\u00e7\u00e3o no seu computador. Por favor consulte as instru\u00e7\u00f5es do seu navegador para mais informa\u00e7\u00f5es. <\/p>\n<p>&nbsp;<\/p>\n<h4>Pol\u00edtica de links<\/h4>\n<p>A partir do site, voc\u00ea pode ser redirecionado para conte\u00fado de sites de terceiros. Dado que o RESPONS\u00c1VEL nem sempre pode controlar os conte\u00fados introduzidos por terceiros nos seus respetivos sites, n\u00e3o assume qualquer tipo de responsabilidade relativamente a esses conte\u00fados. En todo caso, proceder\u00e1 a la retirada inmediata de cualquier contenido que pudiera contravenir la legislaci\u00f3n nacional o internacional, la moral o el orden p\u00fablico, procediendo a la retirada inmediata de la redirecci\u00f3n a dicho sitio web, poniendo en conocimiento de las autoridades competentes el contenido em quest\u00e3o.  <\/p>\n<p>O CONTROLADOR n\u00e3o se responsabiliza pelas informa\u00e7\u00f5es e conte\u00fados armazenados, a t\u00edtulo de exemplo mas n\u00e3o limitado a, em f\u00f3runs, chats, geradores de blogs, coment\u00e1rios, redes sociais ou qualquer outro meio que permita a terceiros publicar conte\u00fado de forma independente no site. o respons\u00e1vel. No entanto, e em cumprimento do disposto nos artigos 11.\u00ba e 16.\u00ba da LSSICE, \u00e9 colocado \u00e0 disposi\u00e7\u00e3o de todos os utilizadores, autoridades e for\u00e7as de seguran\u00e7a, colaborando activamente na retirada ou, se for caso disso, no bloqueio de todos os conte\u00fados que possam afectar ou contrariar legisla\u00e7\u00e3o nacional ou internacional, os direitos de terceiros ou a moral e a ordem p\u00fablica. Caso o utilizador considere que existe algum conte\u00fado no website que possa ser suscet\u00edvel desta classifica\u00e7\u00e3o, dever\u00e1 notificar de imediato o administrador do website.  <\/p>\n<p>Este site foi revisado e testado para funcionar corretamente. Em princ\u00edpio, o funcionamento correto pode ser garantido 365 dias por ano, 24 horas por dia. No entanto, o RESPONS\u00c1VEL n\u00e3o exclui a possibilidade de que possam ocorrer certos erros de programa\u00e7\u00e3o, ou que possam ocorrer casos de for\u00e7a maior, desastres naturais, greves ou circunst\u00e2ncias semelhantes que impossibilitem o acesso ao site.  <\/p>\n<p>&nbsp;<\/p>\n<h4>Endere\u00e7os IP<\/h4>\n<p>Os servidores do site podem detectar automaticamente o endere\u00e7o IP e o nome de dom\u00ednio utilizados pelo usu\u00e1rio. Um endere\u00e7o IP \u00e9 um n\u00famero atribu\u00eddo automaticamente a um computador quando ele se conecta \u00e0 Internet. Toda esta informa\u00e7\u00e3o \u00e9 registada num ficheiro de actividade do servidor que permite o posterior tratamento dos dados de forma a obter apenas medidas estat\u00edsticas que permitam conhecer o n\u00famero de impress\u00f5es de p\u00e1ginas, o n\u00famero de visitas efectuadas aos servidores web, a ordem das visitas, o ponto de acesso, etc  <\/p>\n<p>&nbsp;<\/p>\n<h3>4. LEI APLIC\u00c1VEL E JURISDI\u00c7\u00c3O<\/h3>\n<p>Para a resolu\u00e7\u00e3o de todos os lit\u00edgios ou quest\u00f5es relacionadas com este site ou com as atividades nele desenvolvidas, aplicar-se-\u00e1 a legisla\u00e7\u00e3o espanhola, \u00e0 qual as partes se submetem expressamente, sendo competentes para a resolu\u00e7\u00e3o de todos os conflitos emergentes ou relacionados com a sua utiliza\u00e7\u00e3o os Tribunais e Tribunais. mais pr\u00f3ximo de Barcelona.<\/p>\n<p>[\/et_pb_text][\/et_pb_column][\/et_pb_row][\/et_pb_section]<\/p>\n","protected":false},"excerpt":{"rendered":"<p>Aviso legalLEI DOS SERVI\u00c7OS DA SOCIEDADE DE INFORMA\u00c7\u00c3O (LSSI) &nbsp; A Rede de Estudos Africanos (REA)respons\u00e1vel pelo s\u00edtio web, doravante RESPONS\u00c1VEL, coloca \u00e0 disposi\u00e7\u00e3o dos utilizadores o presente documento, com o qual pretende cumprir as obriga\u00e7\u00f5es estabelecidas na Lei 34\/2002, de 11 de julho, de Servi\u00e7os da Sociedade da Informa\u00e7\u00e3o e do Com\u00e9rcio Eletr\u00f3nico (LSSICE), [&hellip;]<\/p>\n","protected":false},"author":2,"featured_media":0,"parent":0,"menu_order":5,"comment_status":"closed","ping_status":"closed","template":"","meta":{"_acf_changed":false,"_et_pb_use_builder":"on","_et_pb_old_content":"","_et_gb_content_width":"","footnotes":""},"class_list":["post-1405","page","type-page","status-publish","hentry"],"acf":[],"_links":{"self":[{"href":"https:\/\/redestudiosafricanos.org\/pt-pt\/wp-json\/wp\/v2\/pages\/1405","targetHints":{"allow":["GET"]}}],"collection":[{"href":"https:\/\/redestudiosafricanos.org\/pt-pt\/wp-json\/wp\/v2\/pages"}],"about":[{"href":"https:\/\/redestudiosafricanos.org\/pt-pt\/wp-json\/wp\/v2\/types\/page"}],"author":[{"embeddable":true,"href":"https:\/\/redestudiosafricanos.org\/pt-pt\/wp-json\/wp\/v2\/users\/2"}],"replies":[{"embeddable":true,"href":"https:\/\/redestudiosafricanos.org\/pt-pt\/wp-json\/wp\/v2\/comments?post=1405"}],"version-history":[{"count":4,"href":"https:\/\/redestudiosafricanos.org\/pt-pt\/wp-json\/wp\/v2\/pages\/1405\/revisions"}],"predecessor-version":[{"id":2539,"href":"https:\/\/redestudiosafricanos.org\/pt-pt\/wp-json\/wp\/v2\/pages\/1405\/revisions\/2539"}],"wp:attachment":[{"href":"https:\/\/redestudiosafricanos.org\/pt-pt\/wp-json\/wp\/v2\/media?parent=1405"}],"curies":[{"name":"wp","href":"https:\/\/api.w.org\/{rel}","templated":true}]}}