{"id":3175,"date":"2024-06-10T16:59:48","date_gmt":"2024-06-10T14:59:48","guid":{"rendered":"https:\/\/redestudiosafricanos.org\/gestao-das-comunicacoes\/"},"modified":"2024-08-09T19:05:46","modified_gmt":"2024-08-09T17:05:46","slug":"gestao-das-comunicacoes","status":"publish","type":"page","link":"https:\/\/redestudiosafricanos.org\/pt-pt\/o-congresso\/como-participar\/envio-de-comunicacoes\/gestao-das-comunicacoes\/","title":{"rendered":"Gest\u00e3o das comunica\u00e7\u00f5es"},"content":{"rendered":"<p><span class=\"wppb-frontend-restriction-message wppb-content-restriction-message\"><\/p>\n<div class=\"messageloggin\">\n<h2>Para acceder a esta p\u00e1gina o contenido del sitio web es necesario que est\u00e9s <span style=\"color: #993300\"><a style=\"color: #993300\" href=\"https:\/\/redestudiosafricanos.org\/participantes\/register\/\" target=\"_blank\" rel=\"noopener\">registrado<\/a><\/span>.<\/h2>\n<h3>Si ya est\u00e1s registrado puedes acceder <span style=\"color: #993300\"><a style=\"color: #993300\" href=\"https:\/\/redestudiosafricanos.org\/participantes\/login\/\" target=\"_blank\" rel=\"noopener\">aqu\u00ed<\/a><\/span>.<\/h3>\n<\/div>\n<p><\/span><\/p>\n","protected":false},"excerpt":{"rendered":"<p>Se \u00e9s um coordenador, contacta o PAINEL que coordenas e a\u00ed encontrar\u00e1s uma sec\u00e7\u00e3o para a gest\u00e3o e aprova\u00e7\u00e3o das comunica\u00e7\u00f5es que lhe s\u00e3o enviadas, abaixo do conte\u00fado.Esta \u00e9 uma \u00e1rea vis\u00edvel para os administradores da plataforma, onde \u00e9 apresentada uma lista de todas as comunica\u00e7\u00f5es enviadas atrav\u00e9s da plataforma. Podes utilizar o motor de [&hellip;]<\/p>\n","protected":false},"author":1,"featured_media":0,"parent":3188,"menu_order":0,"comment_status":"closed","ping_status":"closed","template":"","meta":{"_acf_changed":false,"_et_pb_use_builder":"on","_et_pb_old_content":"","_et_gb_content_width":"","footnotes":""},"class_list":["post-3175","page","type-page","status-publish","hentry"],"acf":[],"_links":{"self":[{"href":"https:\/\/redestudiosafricanos.org\/pt-pt\/wp-json\/wp\/v2\/pages\/3175","targetHints":{"allow":["GET"]}}],"collection":[{"href":"https:\/\/redestudiosafricanos.org\/pt-pt\/wp-json\/wp\/v2\/pages"}],"about":[{"href":"https:\/\/redestudiosafricanos.org\/pt-pt\/wp-json\/wp\/v2\/types\/page"}],"author":[{"embeddable":true,"href":"https:\/\/redestudiosafricanos.org\/pt-pt\/wp-json\/wp\/v2\/users\/1"}],"replies":[{"embeddable":true,"href":"https:\/\/redestudiosafricanos.org\/pt-pt\/wp-json\/wp\/v2\/comments?post=3175"}],"version-history":[{"count":5,"href":"https:\/\/redestudiosafricanos.org\/pt-pt\/wp-json\/wp\/v2\/pages\/3175\/revisions"}],"predecessor-version":[{"id":5789,"href":"https:\/\/redestudiosafricanos.org\/pt-pt\/wp-json\/wp\/v2\/pages\/3175\/revisions\/5789"}],"up":[{"embeddable":true,"href":"https:\/\/redestudiosafricanos.org\/pt-pt\/wp-json\/wp\/v2\/pages\/3188"}],"wp:attachment":[{"href":"https:\/\/redestudiosafricanos.org\/pt-pt\/wp-json\/wp\/v2\/media?parent=3175"}],"curies":[{"name":"wp","href":"https:\/\/api.w.org\/{rel}","templated":true}]}}